{"id":31,"date":"2014-01-28T12:23:35","date_gmt":"2014-01-28T11:23:35","guid":{"rendered":"http:\/\/www.parrocchiamappano.it\/?page_id=31"},"modified":"2014-02-03T16:53:22","modified_gmt":"2014-02-03T15:53:22","slug":"chi-siamo","status":"publish","type":"page","link":"https:\/\/parrocchiamappano.it\/sanmichele\/","title":{"rendered":"Chi siamo"},"content":{"rendered":"<p><a href=\"https:\/\/parrocchiamappano.it\/sanmichele\/wp-content\/uploads\/2014\/01\/index.jpg\"><img decoding=\"async\" loading=\"lazy\" class=\"size-full wp-image-57 aligncenter\" alt=\"index\" src=\"https:\/\/parrocchiamappano.it\/sanmichele\/wp-content\/uploads\/2014\/01\/index.jpg\" width=\"226\" height=\"170\" \/><\/a><\/p>\n<p>La scuola dell\u2019infanzia paritaria San Michele Arcangelo di Mappano \u00e8 sorta alla met\u00e0 degli anni \u201950 per venire incontro alle necessit\u00e0 delle famiglie della frazione impegnate nel lavoro agricolo e come lavandai.<\/p>\n<p>Deve la sua realizzazione al primo parroco Don Agostino Amerano che, con profondo e saggio intuito, comprese subito le necessit\u00e0 pi\u00f9 urgenti per avviare una costruttiva opera pastorale e sociale.<\/p>\n<p>Nel 2002 grazie a don Pierantonio Garbiglia \u00e8 stata inaugurata la nuova scuola, non essendo pi\u00f9 sufficiente la vecchia struttura alle richieste di iscrizioni da parte delle famiglie e non rispondendo pi\u00f9 ai canoni di sicurezza.<\/p>\n<p>La nuova scuola \u00e8 stata progettata tenendo presente le esigenze del bambino oggi, non solo per l\u2019aspetto funzionale e di sicurezza ma, sopratutto perch\u00e8 il bambino si trovi in un ambiente familiare che risponda in tutti i modi alle sue esigenze.<\/p>\n<p>La finalit\u00e0 che la scuola si propone \u00e8 quella di offrire non solo un ruolo educativo che si affianchi ed integri il ruolo familiare ma, anche ed innanzitutto, consentire ai bambini che la frequentano, di raggiungere avvertibili traguardi di sviluppo in ordine alle identit\u00e0., alle autonomie e alle competenze.<\/p>\n<p>Ogni anno viene avviato un nuovo progetto, questo anno il progetto era \u201camici vicini e lontani\u201d pensando ai bambini delle altre parti del mondo dove ci sono usi, costumi, tradizioni diverse.<\/p>\n<p>I bambini hanno partecipato attivamente e come laboratorio finale si \u00e8 provato a \u201ccucinare\u201d nei diversi modi. Il ristorante cinese, mangiando il riso con i bastoncini, il te nel deserto, con un po\u2019 di fantasia anche la tenda costruita in classe pu\u00f2 sembrare in un oasi!!<\/p>\n<p>Vengono anche fatte delle uscite didattiche inerenti il progetto svolto nel corso dell\u2019anno.<\/p>\n<p>Promotrice di questi progetti \u00e8 soprattutto la coordinatrice sr. Elda Meano delle Figlie di Maria Ausiliatrice; pilastro inossidabile della scuola che, assieme alle insegnanti, formano una squadra ben affiatata per offrire ai bambini ed alle famiglie un supporto non solo educativo di grande livello ma anche morale e spirituale avvalendosi anche dell\u2019aiuto dell\u2019attuale parroco don Antonio Appendino.<\/p>\n<p>La scuola offre, per integrare l\u2018educazione dei bambini, 1aboratori di inglese, psicomotricit\u00e0, computer e teatro, e giardinaggio.<\/p>\n<p>La scuola si avvale infine, di preziosi collaboratori che con amorosa dedizione sostengono questa preziosa istituzione, perch\u00e9 possa continuare il suo servizio segno di fraternit\u00e0 e gratuit\u00e0 per il bene della nostra comunit\u00e0 educante..<\/p>\n<p>Nonostante Mappano sia una frazione divisa tra diversi comuni, la scuola si \u00e8 sempre configurata come punto di aggregazione fornendo accoglienza, accettazione, fiducia, rispetto e valorizzazione delle varie culture presenti nel territorio semprepi\u00f9 multietnico, ed \u00e8 rimasta nel tempo salda, sopravvivendo a tante difficolt\u00e0, soprattutto economiche. Ed \u00e8 per questo che i Comuni di Borgaro e Caselle, di cui la frazione fa parte, capendo l\u2019importanza della scuola materna San Michele nell\u2019ambito del territorio, da qualche anno hanno<\/p>\n<p>stipulato una convenzione per venire incontro con un piccolo aiuto alle esigenze della scuola.<\/p>\n<p>La scuola \u00e8 anche ben inserita nel tessuto sociale e si collabora attivamente anche con il Centro Anziani e la pro loco, in occasione del carnevale ad esempio i nostri bimbi con le famiglie sfilano con un carro allegorico che continua il tema del progetto annuale, ma non c\u2019\u00e8 solo divertimento, ogni anno si partecipa attivamente alla Quaresima di fraternit\u00e0, sensibilizzando i bambini ai bisogni degli altri, per cui la rinuncia di qualcosa per donare a chi ha bisogno.<\/p>\n<p>Il progetto a cui abbiamo aderito questo anno \u00e8 il \u201cSogno di Samuele\u201d (era nostro ex allievo) per i bimbi del CIAD.<\/p>\n<p>&nbsp;<\/p>\n","protected":false},"excerpt":{"rendered":"<p>La scuola dell\u2019infanzia paritaria San Michele Arcangelo di Mappano \u00e8 sorta alla met\u00e0 degli anni \u201950 per venire incontro alle necessit\u00e0 delle famiglie della frazione impegnate nel lavoro agricolo e come lavandai. Deve la sua realizzazione al primo parroco Don Agostino Amerano che, con profondo e saggio intuito, comprese subito le necessit\u00e0 pi\u00f9 urgenti per [&hellip;]<\/p>\n","protected":false},"author":4,"featured_media":0,"parent":0,"menu_order":0,"comment_status":"closed","ping_status":"closed","template":"","meta":{"ngg_post_thumbnail":0},"_links":{"self":[{"href":"https:\/\/parrocchiamappano.it\/sanmichele\/index.php?rest_route=\/wp\/v2\/pages\/31"}],"collection":[{"href":"https:\/\/parrocchiamappano.it\/sanmichele\/index.php?rest_route=\/wp\/v2\/pages"}],"about":[{"href":"https:\/\/parrocchiamappano.it\/sanmichele\/index.php?rest_route=\/wp\/v2\/types\/page"}],"author":[{"embeddable":true,"href":"https:\/\/parrocchiamappano.it\/sanmichele\/index.php?rest_route=\/wp\/v2\/users\/4"}],"replies":[{"embeddable":true,"href":"https:\/\/parrocchiamappano.it\/sanmichele\/index.php?rest_route=%2Fwp%2Fv2%2Fcomments&post=31"}],"version-history":[{"count":6,"href":"https:\/\/parrocchiamappano.it\/sanmichele\/index.php?rest_route=\/wp\/v2\/pages\/31\/revisions"}],"predecessor-version":[{"id":61,"href":"https:\/\/parrocchiamappano.it\/sanmichele\/index.php?rest_route=\/wp\/v2\/pages\/31\/revisions\/61"}],"wp:attachment":[{"href":"https:\/\/parrocchiamappano.it\/sanmichele\/index.php?rest_route=%2Fwp%2Fv2%2Fmedia&parent=31"}],"curies":[{"name":"wp","href":"https:\/\/api.w.org\/{rel}","templated":true}]}}